{"id":41,"date":"2020-04-19T13:14:46","date_gmt":"2020-04-19T13:14:46","guid":{"rendered":"https:\/\/tvholzheim.de\/wordpress\/?page_id=41"},"modified":"2025-04-23T09:54:18","modified_gmt":"2025-04-23T09:54:18","slug":"abteilungen","status":"publish","type":"page","link":"https:\/\/freibad.tvholzheim.de\/freibad\/abteilungen\/","title":{"rendered":"Informationen"},"content":{"rendered":"\n<h2 class=\"wp-block-heading has-ast-global-color-6-background-color has-background\">\u00d6ffnungszeiten<\/h2>\n\n\n\n<p class=\"has-ast-global-color-4-background-color has-background\"><strong>Mo-Fr   &nbsp;14:00 \u2013 19:00 Uhr<br>Sa+So&nbsp; &nbsp; 10:00 \u2013 19:00 Uhr<\/strong> ( auch Feiertag )<\/p>\n\n\n\n<p><strong>Einlass bis 30 Minuten vor Ende der \u00d6ffnungszeit.<\/strong><br><strong>Badeschluss ist 15 Minuten vor Ende der \u00d6ffnungszeit.<br>Bei schlechtem Wetter behalten wir uns eine \u00c4nderung der \u00d6ffnungszeiten vor.<\/strong><\/p>\n\n\n\n<h2 class=\"wp-block-heading has-ast-global-color-6-background-color has-background\">Eintrittspreise (2025)<\/h2>\n\n\n<p><strong>Tageskarten<br \/><\/strong>Erwachsene\u00a0 \u00a04,00<em>\u00a0\u20ac<\/em><br \/>Erm\u00e4\u00dfigt\u00a0 \u00a0 \u00a0 \u00a02,50 \u20ac<br \/>Familie\u00a0 \u00a0 \u00a0 \u00a0 \u00a09<em>,50 \u20ac<\/em><\/p>\n<p><!-- \/wp:paragraph --><!-- \/wp:column --><!-- wp:column --><!-- wp:paragraph --><\/p>\n<p><strong> 10er Karten<\/strong><br \/><span style=\"font-size: 1rem; font-weight: inherit; background-color: var(--ast-global-color-5);\">Erwachsene\u00a0 \u00a0<em>36,00 \u20ac<\/em><br \/><\/span>Erm\u00e4\u00dfigt\u00a0 \u00a0 \u00a0 \u00a022,50 \u20ac<\/p>\n<p><span style=\"font-size: 1rem; font-weight: inherit; background-color: var(--ast-global-color-5);\"><strong>Saisonkarte Mitglieder<\/strong><br \/>Erwachsene\u00a0 \u00a0<em>55,00 \u20ac<br \/>Erm\u00e4\u00dfigt\u00a0 \u00a0 \u00a0 \u00a035,00 \u20ac<br \/><\/em><\/span><span style=\"font-size: 1rem; font-weight: inherit; background-color: var(--ast-global-color-5);\">Familie\u00a0 \u00a0 \u00a0 \u00a0 \u00a0 <em>75,00 \u20ac<\/em><\/span><\/p>\n<p><strong>Saisonkarten Nichtmitglieder<\/strong><br \/><span style=\"font-size: 1rem; font-weight: inherit; background-color: var(--ast-global-color-5);\">Erwachsene\u00a0 \u00a060<em>,00 \u20ac<br \/><\/em>Erm\u00e4\u00dfigt\u00a0 \u00a0 \u00a0 \u00a040,00 \u20ac<br \/>Familie\u00a0 \u00a0 \u00a0 \u00a0 \u00a0 <em>85,00 \u20ac<\/em><\/span><\/p>\n<p><span style=\"font-size: 1rem; font-weight: inherit; background-color: var(--ast-global-color-5);\"><strong>Abendtarif, ab 18:00 Uhr <\/strong><br \/>Erwachsene\u00a0 \u00a0<em>2,00 \u20ac<\/em> <br \/><\/span>Erm\u00e4\u00dfigt\u00a0 \u00a0 \u00a0 \u00a01,50 \u20ac<\/p>\n<p><!-- \/wp:paragraph --><!-- \/wp:column --><\/p>\n<p><!-- wp:paragraph {\"align\":\"center\"} --><\/p>\n<p><!-- \/wp:paragraph --><\/p>\n<p><!-- wp:paragraph {\"align\":\"center\"} --><\/p>\n<p><!-- \/wp:paragraph --><\/p>\n<p><!-- wp:paragraph {\"backgroundColor\":\"ast-global-color-6\"} --><\/p>\n<p class=\"has-ast-global-color-6-background-color has-background\" style=\"text-align: left;\"><strong>Erm\u00e4\u00dfigt<\/strong><br \/>Kinder* und Jugendliche unter 18 Jahren; Sch\u00fcler, Auszubildende und Studierende unter 25 Jahren; <br \/>Personen mit Behinderung ab 50% \/ Rentner (auf Nachweis)<br \/><strong>Familie<\/strong><br \/>2 Erwachsene mit mind. einem <strong>eigenen<\/strong> Kind, g\u00fcltig f\u00fcr alle <strong>eigenen<\/strong> Kinder unter 18 Jahren<br \/>Kinder unter 6 Jahren in Begleitung eines Erwachsenen Eintritt frei<br \/><strong>Bonuskarten Stadt G\u00f6ppingen<\/strong><br \/>50% Erm\u00e4\u00dfigung auf den Eintritt<\/p>\n<p><strong>Nur Barzahlung m\u00f6glich!<\/strong><\/p>\n<p><!-- \/wp:paragraph --><\/p>","protected":false},"excerpt":{"rendered":"<p>\u00d6ffnungszeiten Mo-Fr &nbsp;14:00 \u2013 19:00 UhrSa+So&nbsp; &nbsp; 10:00 \u2013 19:00 Uhr ( auch Feiertag ) Einlass bis 30 Minuten vor Ende der \u00d6ffnungszeit.Badeschluss ist 15 Minuten vor Ende der \u00d6ffnungszeit.Bei schlechtem Wetter behalten wir uns eine \u00c4nderung der \u00d6ffnungszeiten vor. Eintrittspreise (2025) TageskartenErwachsene\u00a0 \u00a04,00\u00a0\u20acErm\u00e4\u00dfigt\u00a0 \u00a0 \u00a0 \u00a02,50 \u20acFamilie\u00a0 \u00a0 \u00a0 \u00a0 \u00a09,50 \u20ac 10er KartenErwachsene\u00a0 [&hellip;]<\/p>\n","protected":false},"author":1,"featured_media":0,"parent":0,"menu_order":0,"comment_status":"closed","ping_status":"closed","template":"","meta":{"site-sidebar-layout":"default","site-content-layout":"","ast-site-content-layout":"default","site-content-style":"default","site-sidebar-style":"default","ast-global-header-display":"","ast-banner-title-visibility":"","ast-main-header-display":"","ast-hfb-above-header-display":"","ast-hfb-below-header-display":"","ast-hfb-mobile-header-display":"","site-post-title":"","ast-breadcrumbs-content":"","ast-featured-img":"","footer-sml-layout":"","theme-transparent-header-meta":"","adv-header-id-meta":"","stick-header-meta":"","header-above-stick-meta":"","header-main-stick-meta":"","header-below-stick-meta":"","astra-migrate-meta-layouts":"set","ast-page-background-enabled":"default","ast-page-background-meta":{"desktop":{"background-color":"","background-image":"","background-repeat":"repeat","background-position":"center center","background-size":"auto","background-attachment":"scroll","background-type":"","background-media":"","overlay-type":"","overlay-color":"","overlay-opacity":"","overlay-gradient":""},"tablet":{"background-color":"","background-image":"","background-repeat":"repeat","background-position":"center center","background-size":"auto","background-attachment":"scroll","background-type":"","background-media":"","overlay-type":"","overlay-color":"","overlay-opacity":"","overlay-gradient":""},"mobile":{"background-color":"","background-image":"","background-repeat":"repeat","background-position":"center center","background-size":"auto","background-attachment":"scroll","background-type":"","background-media":"","overlay-type":"","overlay-color":"","overlay-opacity":"","overlay-gradient":""}},"ast-content-background-meta":{"desktop":{"background-color":"var(--ast-global-color-5)","background-image":"","background-repeat":"repeat","background-position":"center center","background-size":"auto","background-attachment":"scroll","background-type":"","background-media":"","overlay-type":"","overlay-color":"","overlay-opacity":"","overlay-gradient":""},"tablet":{"background-color":"var(--ast-global-color-5)","background-image":"","background-repeat":"repeat","background-position":"center center","background-size":"auto","background-attachment":"scroll","background-type":"","background-media":"","overlay-type":"","overlay-color":"","overlay-opacity":"","overlay-gradient":""},"mobile":{"background-color":"var(--ast-global-color-5)","background-image":"","background-repeat":"repeat","background-position":"center center","background-size":"auto","background-attachment":"scroll","background-type":"","background-media":"","overlay-type":"","overlay-color":"","overlay-opacity":"","overlay-gradient":""}},"pgc_sgb_lightbox_settings":"","footnotes":""},"_links":{"self":[{"href":"https:\/\/freibad.tvholzheim.de\/freibad\/wp-json\/wp\/v2\/pages\/41"}],"collection":[{"href":"https:\/\/freibad.tvholzheim.de\/freibad\/wp-json\/wp\/v2\/pages"}],"about":[{"href":"https:\/\/freibad.tvholzheim.de\/freibad\/wp-json\/wp\/v2\/types\/page"}],"author":[{"embeddable":true,"href":"https:\/\/freibad.tvholzheim.de\/freibad\/wp-json\/wp\/v2\/users\/1"}],"replies":[{"embeddable":true,"href":"https:\/\/freibad.tvholzheim.de\/freibad\/wp-json\/wp\/v2\/comments?post=41"}],"version-history":[{"count":28,"href":"https:\/\/freibad.tvholzheim.de\/freibad\/wp-json\/wp\/v2\/pages\/41\/revisions"}],"predecessor-version":[{"id":305,"href":"https:\/\/freibad.tvholzheim.de\/freibad\/wp-json\/wp\/v2\/pages\/41\/revisions\/305"}],"wp:attachment":[{"href":"https:\/\/freibad.tvholzheim.de\/freibad\/wp-json\/wp\/v2\/media?parent=41"}],"curies":[{"name":"wp","href":"https:\/\/api.w.org\/{rel}","templated":true}]}}